{"id":138,"date":"2025-07-08T08:33:01","date_gmt":"2025-07-08T08:33:01","guid":{"rendered":"https:\/\/systec2punkt0.de\/?page_id=138"},"modified":"2025-07-10T20:35:28","modified_gmt":"2025-07-10T20:35:28","slug":"zwei-saeulen-sorgen-fuer-stabilitaet-und-nachhaltigkeit","status":"publish","type":"page","link":"https:\/\/systec2punkt0.de\/?page_id=138","title":{"rendered":"Zwei S\u00e4ulen sorgen f\u00fcr Stabilit\u00e4t und Nachhaltigkeit"},"content":{"rendered":"\n<figure class=\"wp-block-image size-large\"><img loading=\"lazy\" decoding=\"async\" width=\"1024\" height=\"458\" src=\"https:\/\/systec2punkt0.de\/wp-content\/uploads\/2025\/07\/image-13-1024x458.png\" alt=\"\" class=\"wp-image-220\" srcset=\"https:\/\/systec2punkt0.de\/wp-content\/uploads\/2025\/07\/image-13-1024x458.png 1024w, https:\/\/systec2punkt0.de\/wp-content\/uploads\/2025\/07\/image-13-300x134.png 300w, https:\/\/systec2punkt0.de\/wp-content\/uploads\/2025\/07\/image-13-768x344.png 768w, https:\/\/systec2punkt0.de\/wp-content\/uploads\/2025\/07\/image-13.png 1520w\" sizes=\"auto, (max-width: 1024px) 100vw, 1024px\" \/><\/figure>\n","protected":false},"excerpt":{"rendered":"","protected":false},"author":1,"featured_media":0,"parent":0,"menu_order":0,"comment_status":"closed","ping_status":"closed","template":"","meta":{"footnotes":""},"class_list":["post-138","page","type-page","status-publish","hentry"],"_links":{"self":[{"href":"https:\/\/systec2punkt0.de\/index.php?rest_route=\/wp\/v2\/pages\/138","targetHints":{"allow":["GET"]}}],"collection":[{"href":"https:\/\/systec2punkt0.de\/index.php?rest_route=\/wp\/v2\/pages"}],"about":[{"href":"https:\/\/systec2punkt0.de\/index.php?rest_route=\/wp\/v2\/types\/page"}],"author":[{"embeddable":true,"href":"https:\/\/systec2punkt0.de\/index.php?rest_route=\/wp\/v2\/users\/1"}],"replies":[{"embeddable":true,"href":"https:\/\/systec2punkt0.de\/index.php?rest_route=%2Fwp%2Fv2%2Fcomments&post=138"}],"version-history":[{"count":7,"href":"https:\/\/systec2punkt0.de\/index.php?rest_route=\/wp\/v2\/pages\/138\/revisions"}],"predecessor-version":[{"id":222,"href":"https:\/\/systec2punkt0.de\/index.php?rest_route=\/wp\/v2\/pages\/138\/revisions\/222"}],"wp:attachment":[{"href":"https:\/\/systec2punkt0.de\/index.php?rest_route=%2Fwp%2Fv2%2Fmedia&parent=138"}],"curies":[{"name":"wp","href":"https:\/\/api.w.org\/{rel}","templated":true}]}}