{"id":14,"date":"2022-12-06T22:02:37","date_gmt":"2022-12-06T22:02:37","guid":{"rendered":"https:\/\/systec2punkt0.de\/?page_id=14"},"modified":"2025-07-10T07:07:43","modified_gmt":"2025-07-10T07:07:43","slug":"welcome-systec-2-0","status":"publish","type":"page","link":"https:\/\/systec2punkt0.de\/?page_id=14","title":{"rendered":"Historie"},"content":{"rendered":"\n<h2 class=\"wp-block-heading\">1996 &#8211; Erster Kontakt mit der easy-Produktfamilie<\/h2>\n\n\n\n<p>Zu Beginn meiner T\u00e4tigkeit bei der Systec GmbH in Bielefeld startete ich als Consultant f\u00fcr den Bereich easy.<\/p>\n\n\n\n<p>Es folgte eine umfassende Ausbildung zu allen am Markt befindlichen easy-Produkten. Meine ersten Installationen easy erfolgten  Ende 1996, wovon einige noch heute durch die Systec 2.0 GmbH betreut und erfolgreich weiterentwickelt werden.<\/p>\n\n\n\n<p>Bereits 1997 verst\u00e4rkte sich das Team mit Johannes Leniger und in den Jahren darauf kam Gitta Frank f\u00fcr den Support mit an Bord. Im Bereich Consulting konnte das Team nachfolgend mit Maximilian Kr\u00f6ker und Maik Sprenger erweitert werden.<\/p>\n\n\n\n<p>Die Systec GmbH betreute im easy-Umfeld mehr als 120 Kunden, deutschlandweit!<\/p>\n\n\n\n<h2 class=\"wp-block-heading\">2018 &#8211; \u00dcbernahme der Systec GmbH durch die easy Software<\/h2>\n\n\n\n<p>Durch die Firmen\u00fcbernahme verst\u00e4rkte die easy das interne Consulting\/Support-Team und war in diesem Zuge neuer Ansprechpartner f\u00fcr die Kunden der Systec GmbH. Es folgte eine erfolgreiche Integration der Systec GmbH in die easy Software Deutschland GmbH.<\/p>\n\n\n\n<h2 class=\"wp-block-heading\">2022 &#8211; Gr\u00fcndung der Systec 2.0 GmbH und Start als Implementierungspartner easy<\/h2>\n\n\n\n<p>Das aus der Systec GmbH bekannte und erfolgreiche Team gliederte sich 2022 aus der easy aus und startete direkt als Implementierungspartner.<\/p>\n\n\n\n<p>In dieser Rolle \u00fcbernimmt die Systec 2.0 GmbH die Implementierung und Unterst\u00fctzung von easy-eigenen Projekten.<\/p>\n\n\n\n<h2 class=\"wp-block-heading\">2024 &#8211; Beginn der Vertriebspartnerschaft mit der easy Software<\/h2>\n\n\n\n<p>Zum 01.01.2024 erweiterte die Systec 2.0 GmbH ihr T\u00e4tigkeitsumfeld um die Vertriebspartnerschaft mit der easy Software AG. Damit bietet die Systec 2.0 GmbH \u00fcber einen eigenen Vertrieb die M\u00f6glichkeit, die Produkte der easy Software direkt zu vermarkten, eigene Kunden zu betreuen sowie einen eigenen Support bereitzustellen.<\/p>\n\n\n\n<p>Mit dem Schritt zum Implementierungspartner wurde somit eine weitere S\u00e4ule als Vertriebspartner geschaffen.<\/p>\n\n\n\n<p>Mit nahezu 30 Jahren Berufserfahrung ist die Systec 2.0 GmbH Ihr kompetenter Ansprechpartner f\u00fcr jegliche Belange rund um die Produktlinie easy. Getreu unserem Motto: &#8222;IHRE DIGITALISIERUNG IN BESTEN H\u00c4NDEN&#8220;<\/p>\n\n\n\n<p>Dirk B\u00fcnermann<\/p>\n\n\n\n<p>Gesch\u00e4ftsf\u00fchrer<\/p>\n\n\n\n<p><\/p>\n","protected":false},"excerpt":{"rendered":"<p>1996 &#8211; Erster Kontakt mit der easy-Produktfamilie Zu Beginn meiner T\u00e4tigkeit bei der Systec GmbH in Bielefeld startete ich als Consultant f\u00fcr den Bereich easy. Es folgte eine umfassende Ausbildung &#8230;<\/p>\n","protected":false},"author":1,"featured_media":0,"parent":0,"menu_order":0,"comment_status":"closed","ping_status":"closed","template":"","meta":{"footnotes":""},"class_list":["post-14","page","type-page","status-publish","hentry"],"_links":{"self":[{"href":"https:\/\/systec2punkt0.de\/index.php?rest_route=\/wp\/v2\/pages\/14","targetHints":{"allow":["GET"]}}],"collection":[{"href":"https:\/\/systec2punkt0.de\/index.php?rest_route=\/wp\/v2\/pages"}],"about":[{"href":"https:\/\/systec2punkt0.de\/index.php?rest_route=\/wp\/v2\/types\/page"}],"author":[{"embeddable":true,"href":"https:\/\/systec2punkt0.de\/index.php?rest_route=\/wp\/v2\/users\/1"}],"replies":[{"embeddable":true,"href":"https:\/\/systec2punkt0.de\/index.php?rest_route=%2Fwp%2Fv2%2Fcomments&post=14"}],"version-history":[{"count":18,"href":"https:\/\/systec2punkt0.de\/index.php?rest_route=\/wp\/v2\/pages\/14\/revisions"}],"predecessor-version":[{"id":216,"href":"https:\/\/systec2punkt0.de\/index.php?rest_route=\/wp\/v2\/pages\/14\/revisions\/216"}],"wp:attachment":[{"href":"https:\/\/systec2punkt0.de\/index.php?rest_route=%2Fwp%2Fv2%2Fmedia&parent=14"}],"curies":[{"name":"wp","href":"https:\/\/api.w.org\/{rel}","templated":true}]}}