{"id":47,"date":"2022-12-07T07:51:47","date_gmt":"2022-12-07T07:51:47","guid":{"rendered":"https:\/\/systec2punkt0.de\/?page_id=47"},"modified":"2022-12-07T14:22:34","modified_gmt":"2022-12-07T14:22:34","slug":"impressum","status":"publish","type":"page","link":"https:\/\/systec2punkt0.de\/?page_id=47","title":{"rendered":"Impressum"},"content":{"rendered":"\n<p class=\"has-medium-font-size\"><em>Impressum<\/em><\/p>\n\n\n\n<p class=\"has-medium-font-size\"><em>Angaben gem\u00e4\u00df \u00a7 5 TMG<\/em><\/p>\n\n\n\n<p><em>Systec 2.0 GmbH<\/em><\/p>\n\n\n\n<p>Am Neuen Werk 3<\/p>\n\n\n\n<p>33378 Rheda-Wiedenbr\u00fcck<\/p>\n\n\n\n<p>Amtsgericht G\u00fctersloh HRB 12819<\/p>\n\n\n\n<p class=\"has-small-font-size\"><em><strong>Vertreten durch:<\/strong><\/em><\/p>\n\n\n\n<p>Dirk B\u00fcnermann<\/p>\n\n\n\n<p class=\"has-medium-font-size\"><em>Kontakt<\/em><\/p>\n\n\n\n<p><em>Telefon: +49 (0) 5242 99898-01<\/em><\/p>\n\n\n\n<p><em>E-Mail: Dirk.Buenermann@Systec2punkt0.de<\/em><\/p>\n\n\n\n<p class=\"has-medium-font-size\"><em>Umsatzsteuer-ID<\/em><\/p>\n\n\n\n<p><em>Umsatzsteuer-Identifikationsnummer gem\u00e4\u00df \u00a7 27 a Umsatzsteuergesetz:<\/em><\/p>\n\n\n\n<p><em>DE<\/em>354955847<\/p>\n\n\n\n<p class=\"has-medium-font-size\"><em>Verbraucherstreitbeilegung\/Universalschlichtungsstelle<\/em><\/p>\n\n\n\n<p><em>Wir sind nicht bereit oder verpflichtet, an Streitbeilegungsverfahren vor einer<\/em><\/p>\n\n\n\n<p><em>Verbraucherschlichtungsstelle teilzunehmen.<\/em><\/p>\n","protected":false},"excerpt":{"rendered":"<p>Impressum Angaben gem\u00e4\u00df \u00a7 5 TMG Systec 2.0 GmbH Am Neuen Werk 3 33378 Rheda-Wiedenbr\u00fcck Amtsgericht G\u00fctersloh HRB 12819 Vertreten durch: Dirk B\u00fcnermann Kontakt Telefon: +49 (0) 5242 99898-01 E-Mail: &#8230;<\/p>\n","protected":false},"author":1,"featured_media":0,"parent":0,"menu_order":0,"comment_status":"closed","ping_status":"closed","template":"","meta":{"footnotes":""},"class_list":["post-47","page","type-page","status-publish","hentry"],"_links":{"self":[{"href":"https:\/\/systec2punkt0.de\/index.php?rest_route=\/wp\/v2\/pages\/47","targetHints":{"allow":["GET"]}}],"collection":[{"href":"https:\/\/systec2punkt0.de\/index.php?rest_route=\/wp\/v2\/pages"}],"about":[{"href":"https:\/\/systec2punkt0.de\/index.php?rest_route=\/wp\/v2\/types\/page"}],"author":[{"embeddable":true,"href":"https:\/\/systec2punkt0.de\/index.php?rest_route=\/wp\/v2\/users\/1"}],"replies":[{"embeddable":true,"href":"https:\/\/systec2punkt0.de\/index.php?rest_route=%2Fwp%2Fv2%2Fcomments&post=47"}],"version-history":[{"count":5,"href":"https:\/\/systec2punkt0.de\/index.php?rest_route=\/wp\/v2\/pages\/47\/revisions"}],"predecessor-version":[{"id":181,"href":"https:\/\/systec2punkt0.de\/index.php?rest_route=\/wp\/v2\/pages\/47\/revisions\/181"}],"wp:attachment":[{"href":"https:\/\/systec2punkt0.de\/index.php?rest_route=%2Fwp%2Fv2%2Fmedia&parent=47"}],"curies":[{"name":"wp","href":"https:\/\/api.w.org\/{rel}","templated":true}]}}